{"id":28,"date":"2025-10-22T11:34:42","date_gmt":"2025-10-22T11:34:42","guid":{"rendered":"http:\/\/jebougy.cluster029.hosting.ovh.net\/?page_id=28"},"modified":"2025-11-28T10:39:58","modified_gmt":"2025-11-28T10:39:58","slug":"sportifs","status":"publish","type":"page","link":"https:\/\/jebougeosteo.fr\/index.php\/sportifs\/","title":{"rendered":"Sportifs"},"content":{"rendered":"\t\t<div data-elementor-type=\"wp-page\" data-elementor-id=\"28\" class=\"elementor elementor-28\">\n\t\t\t\t<div class=\"elementor-element elementor-element-e8ed292 e-flex e-con-boxed e-con e-parent\" data-id=\"e8ed292\" data-element_type=\"container\" data-e-type=\"container\" data-settings=\"{&quot;background_background&quot;:&quot;classic&quot;}\">\n\t\t\t\t\t<div class=\"e-con-inner\">\n\t\t<div class=\"elementor-element elementor-element-97e15a0 e-con-full e-flex e-con e-child\" data-id=\"97e15a0\" data-element_type=\"container\" data-e-type=\"container\" data-settings=\"{&quot;background_background&quot;:&quot;classic&quot;}\">\n\t\t<div class=\"elementor-element elementor-element-950b6bc e-con-full e-flex e-con e-child\" data-id=\"950b6bc\" data-element_type=\"container\" data-e-type=\"container\">\n\t\t\t\t<div class=\"elementor-element elementor-element-6e996ae elementor-widget__width-inherit elementor-widget elementor-widget-image\" data-id=\"6e996ae\" data-element_type=\"widget\" data-e-type=\"widget\" data-widget_type=\"image.default\">\n\t\t\t\t\t\t\t\t\t\t\t\t\t\t\t<img fetchpriority=\"high\" decoding=\"async\" width=\"801\" height=\"1200\" src=\"https:\/\/jebougeosteo.fr\/wp-content\/uploads\/2025\/11\/cdp6ohoasfm.jpg\" class=\"attachment-full size-full wp-image-315\" alt=\"silhouette of woman doing oga\" srcset=\"https:\/\/jebougeosteo.fr\/wp-content\/uploads\/2025\/11\/cdp6ohoasfm.jpg 801w, https:\/\/jebougeosteo.fr\/wp-content\/uploads\/2025\/11\/cdp6ohoasfm-200x300.jpg 200w, https:\/\/jebougeosteo.fr\/wp-content\/uploads\/2025\/11\/cdp6ohoasfm-684x1024.jpg 684w, https:\/\/jebougeosteo.fr\/wp-content\/uploads\/2025\/11\/cdp6ohoasfm-768x1151.jpg 768w\" sizes=\"(max-width: 801px) 100vw, 801px\" \/>\t\t\t\t\t\t\t\t\t\t\t\t\t\t\t<\/div>\n\t\t\t\t<\/div>\n\t\t<div class=\"elementor-element elementor-element-b977719 e-con-full e-flex e-con e-child\" data-id=\"b977719\" data-element_type=\"container\" data-e-type=\"container\">\n\t\t<div class=\"elementor-element elementor-element-37bcbdf e-con-full e-flex e-con e-child\" data-id=\"37bcbdf\" data-element_type=\"container\" data-e-type=\"container\">\n\t\t\t\t<div class=\"elementor-element elementor-element-d051d43 elementor-widget__width-initial elementor-widget elementor-widget-heading\" data-id=\"d051d43\" data-element_type=\"widget\" data-e-type=\"widget\" data-widget_type=\"heading.default\">\n\t\t\t\t\t<h2 class=\"elementor-heading-title elementor-size-default\">Consultations pour Sportifs :<\/h2>\t\t\t\t<\/div>\n\t\t\t\t<\/div>\n\t\t<div class=\"elementor-element elementor-element-9a9cc50 e-con-full e-flex e-con e-child\" data-id=\"9a9cc50\" data-element_type=\"container\" data-e-type=\"container\">\n\t\t\t\t<div class=\"elementor-element elementor-element-0960532 elementor-widget elementor-widget-text-editor\" data-id=\"0960532\" data-element_type=\"widget\" data-e-type=\"widget\" data-widget_type=\"text-editor.default\">\n\t\t\t\t\t\t\t\t\t<p>Les sportifs qu\u2019ils soient amateurs ou professionnels peuvent avoir recours \u00e0 un ost\u00e9opathe, le sportif va utiliser son corps au-del\u00e0 des limites habituelles dans le loisir ou la comp\u00e9tition son corps est alors soumis \u00e0 des <strong>micros traumatismes<\/strong> ou m\u00eame \u00e0 des <strong>blessures<\/strong> telles que les <strong>contractures musculaires,\u00a0 d\u00e9chirure, entorse, tendinite<\/strong>\u2026 L\u2019objectif de l\u2019ost\u00e9opathie sera de <strong>pr\u00e9venir<\/strong> ses blessures et <strong>d\u2019accompagner<\/strong> le sportif dans son parcours de soin avec le m\u00e9decin du sport, le kin\u00e9sith\u00e9rapeute, le coach sportif ou bien le nutritionniste.<\/p>\n<p><!-- \/wp:paragraph --><!-- wp:paragraph --><\/p>\n<p>Si les tissus sont l\u00e9s\u00e9s, l&rsquo;ost\u00e9opathie intervient uniquement comme une th\u00e9rapie compl\u00e9mentaire pour <strong>soulager<\/strong> les effets des l\u00e9sions tissulaires.<\/p>\t\t\t\t\t\t\t\t<\/div>\n\t\t\t\t<\/div>\n\t\t\t\t<\/div>\n\t\t\t\t<\/div>\n\t\t\t\t\t<\/div>\n\t\t\t\t<\/div>\n\t\t<div class=\"elementor-element elementor-element-5a29cc44 e-flex e-con-boxed e-con e-parent\" data-id=\"5a29cc44\" data-element_type=\"container\" data-e-type=\"container\">\n\t\t\t\t\t<div class=\"e-con-inner\">\n\t\t<div class=\"elementor-element elementor-element-359f1f02 e-con-full e-flex e-con e-child\" data-id=\"359f1f02\" data-element_type=\"container\" data-e-type=\"container\" data-settings=\"{&quot;background_background&quot;:&quot;slideshow&quot;,&quot;background_slideshow_gallery&quot;:[],&quot;background_slideshow_loop&quot;:&quot;yes&quot;,&quot;background_slideshow_slide_duration&quot;:5000,&quot;background_slideshow_slide_transition&quot;:&quot;fade&quot;,&quot;background_slideshow_transition_duration&quot;:500}\">\n\t\t\t\t<div class=\"elementor-element elementor-element-38baf02 elementor-widget elementor-widget-button\" data-id=\"38baf02\" data-element_type=\"widget\" data-e-type=\"widget\" data-widget_type=\"button.default\">\n\t\t\t\t\t\t\t\t\t\t<a class=\"elementor-button elementor-button-link elementor-size-sm\" href=\"http:\/\/jebougy.cluster029.hosting.ovh.net\/index.php\/adultes-seniors\/\">\n\t\t\t\t\t\t<span class=\"elementor-button-content-wrapper\">\n\t\t\t\t\t\t\t\t\t<span class=\"elementor-button-text\">Adultes &amp; S\u00e9niors<\/span>\n\t\t\t\t\t<\/span>\n\t\t\t\t\t<\/a>\n\t\t\t\t\t\t\t\t<\/div>\n\t\t\t\t<\/div>\n\t\t<div class=\"elementor-element elementor-element-3278c245 e-con-full e-flex e-con e-child\" data-id=\"3278c245\" data-element_type=\"container\" data-e-type=\"container\" data-settings=\"{&quot;background_background&quot;:&quot;slideshow&quot;,&quot;background_slideshow_gallery&quot;:[],&quot;background_slideshow_loop&quot;:&quot;yes&quot;,&quot;background_slideshow_slide_duration&quot;:5000,&quot;background_slideshow_slide_transition&quot;:&quot;fade&quot;,&quot;background_slideshow_transition_duration&quot;:500}\">\n\t\t\t\t<div class=\"elementor-element elementor-element-fec62f0 elementor-widget elementor-widget-button\" data-id=\"fec62f0\" data-element_type=\"widget\" data-e-type=\"widget\" data-widget_type=\"button.default\">\n\t\t\t\t\t\t\t\t\t\t<a class=\"elementor-button elementor-button-link elementor-size-sm\" href=\"http:\/\/jebougy.cluster029.hosting.ovh.net\/index.php\/femmes-enceintes-nourrissons\/\">\n\t\t\t\t\t\t<span class=\"elementor-button-content-wrapper\">\n\t\t\t\t\t\t\t\t\t<span class=\"elementor-button-text\">Femmes enceintes &amp; nourrissons<\/span>\n\t\t\t\t\t<\/span>\n\t\t\t\t\t<\/a>\n\t\t\t\t\t\t\t\t<\/div>\n\t\t\t\t<\/div>\n\t\t<div class=\"elementor-element elementor-element-3d42779e e-con-full e-flex e-con e-child\" data-id=\"3d42779e\" data-element_type=\"container\" data-e-type=\"container\" data-settings=\"{&quot;background_background&quot;:&quot;slideshow&quot;,&quot;background_slideshow_gallery&quot;:[],&quot;background_slideshow_loop&quot;:&quot;yes&quot;,&quot;background_slideshow_slide_duration&quot;:5000,&quot;background_slideshow_slide_transition&quot;:&quot;fade&quot;,&quot;background_slideshow_transition_duration&quot;:500}\">\n\t\t\t\t<div class=\"elementor-element elementor-element-3803ed3e elementor-widget elementor-widget-button\" data-id=\"3803ed3e\" data-element_type=\"widget\" data-e-type=\"widget\" data-widget_type=\"button.default\">\n\t\t\t\t\t\t\t\t\t\t<a class=\"elementor-button elementor-button-link elementor-size-sm\" href=\"http:\/\/jebougy.cluster029.hosting.ovh.net\/index.php\/enfants-adolescents\/\">\n\t\t\t\t\t\t<span class=\"elementor-button-content-wrapper\">\n\t\t\t\t\t\t\t\t\t<span class=\"elementor-button-text\">Enfants &amp; Adolescents<\/span>\n\t\t\t\t\t<\/span>\n\t\t\t\t\t<\/a>\n\t\t\t\t\t\t\t\t<\/div>\n\t\t\t\t<\/div>\n\t\t<div class=\"elementor-element elementor-element-64f8f6b7 e-con-full e-flex e-con e-child\" data-id=\"64f8f6b7\" data-element_type=\"container\" data-e-type=\"container\" data-settings=\"{&quot;background_background&quot;:&quot;slideshow&quot;,&quot;background_slideshow_gallery&quot;:[],&quot;background_slideshow_loop&quot;:&quot;yes&quot;,&quot;background_slideshow_slide_duration&quot;:5000,&quot;background_slideshow_slide_transition&quot;:&quot;fade&quot;,&quot;background_slideshow_transition_duration&quot;:500}\">\n\t\t\t\t<div class=\"elementor-element elementor-element-3e112b9f elementor-widget elementor-widget-button\" data-id=\"3e112b9f\" data-element_type=\"widget\" data-e-type=\"widget\" data-widget_type=\"button.default\">\n\t\t\t\t\t\t\t\t\t\t<a class=\"elementor-button elementor-button-link elementor-size-sm\" href=\"http:\/\/jebougy.cluster029.hosting.ovh.net\/index.php\/sportifs\/\">\n\t\t\t\t\t\t<span class=\"elementor-button-content-wrapper\">\n\t\t\t\t\t\t\t\t\t<span class=\"elementor-button-text\">Sportifs<\/span>\n\t\t\t\t\t<\/span>\n\t\t\t\t\t<\/a>\n\t\t\t\t\t\t\t\t<\/div>\n\t\t\t\t<\/div>\n\t\t\t\t\t<\/div>\n\t\t\t\t<\/div>\n\t\t<div class=\"elementor-element elementor-element-3a2a22ae e-transform e-flex e-con-boxed e-con e-parent\" data-id=\"3a2a22ae\" data-element_type=\"container\" data-e-type=\"container\" data-settings=\"{&quot;background_background&quot;:&quot;classic&quot;,&quot;animation&quot;:&quot;none&quot;,&quot;_transform_translateX_effect&quot;:{&quot;unit&quot;:&quot;px&quot;,&quot;size&quot;:&quot;&quot;,&quot;sizes&quot;:[]},&quot;_transform_translateX_effect_tablet&quot;:{&quot;unit&quot;:&quot;px&quot;,&quot;size&quot;:&quot;&quot;,&quot;sizes&quot;:[]},&quot;_transform_translateX_effect_mobile&quot;:{&quot;unit&quot;:&quot;px&quot;,&quot;size&quot;:&quot;&quot;,&quot;sizes&quot;:[]},&quot;_transform_translateY_effect&quot;:{&quot;unit&quot;:&quot;px&quot;,&quot;size&quot;:&quot;&quot;,&quot;sizes&quot;:[]},&quot;_transform_translateY_effect_tablet&quot;:{&quot;unit&quot;:&quot;px&quot;,&quot;size&quot;:&quot;&quot;,&quot;sizes&quot;:[]},&quot;_transform_translateY_effect_mobile&quot;:{&quot;unit&quot;:&quot;px&quot;,&quot;size&quot;:&quot;&quot;,&quot;sizes&quot;:[]}}\">\n\t\t\t\t\t<div class=\"e-con-inner\">\n\t\t<div class=\"elementor-element elementor-element-9336217 e-con-full e-flex e-con e-child\" data-id=\"9336217\" data-element_type=\"container\" data-e-type=\"container\" data-settings=\"{&quot;background_background&quot;:&quot;classic&quot;}\">\n\t\t\t\t<div class=\"elementor-element elementor-element-51f02adb elementor-widget elementor-widget-heading\" data-id=\"51f02adb\" data-element_type=\"widget\" data-e-type=\"widget\" data-widget_type=\"heading.default\">\n\t\t\t\t\t<h3 class=\"elementor-heading-title elementor-size-default\">LE CABINET<\/h3>\t\t\t\t<\/div>\n\t\t\t\t<div class=\"elementor-element elementor-element-12f1b599 elementor-widget elementor-widget-text-editor\" data-id=\"12f1b599\" data-element_type=\"widget\" data-e-type=\"widget\" data-widget_type=\"text-editor.default\">\n\t\t\t\t\t\t\t\t\t<p>155\/157 Avenue du G\u00e9n\u00e9ral Leclerc\u00a0<\/p>\n<p>94700 Maisons-Alfort\u00a0<\/p>\t\t\t\t\t\t\t\t<\/div>\n\t\t\t\t<\/div>\n\t\t<div class=\"elementor-element elementor-element-3678c30b e-con-full e-flex e-con e-child\" data-id=\"3678c30b\" data-element_type=\"container\" data-e-type=\"container\" data-settings=\"{&quot;background_background&quot;:&quot;classic&quot;}\">\n\t\t\t\t<div class=\"elementor-element elementor-element-427d3331 elementor-widget elementor-widget-heading\" data-id=\"427d3331\" data-element_type=\"widget\" data-e-type=\"widget\" data-widget_type=\"heading.default\">\n\t\t\t\t\t<h3 class=\"elementor-heading-title elementor-size-default\">HORAIRES<\/h3>\t\t\t\t<\/div>\n\t\t\t\t<div class=\"elementor-element elementor-element-5d8c3a83 elementor-widget elementor-widget-text-editor\" data-id=\"5d8c3a83\" data-element_type=\"widget\" data-e-type=\"widget\" data-widget_type=\"text-editor.default\">\n\t\t\t\t\t\t\t\t\t<p>Du lundi au vendredi\u00a0<\/p>\n<p>De 9h \u00e0 19h30<\/p>\n<p>Le Samedi\u00a0<\/p>\n<p>De 9h \u00e0 16h<\/p>\t\t\t\t\t\t\t\t<\/div>\n\t\t\t\t<\/div>\n\t\t<div class=\"elementor-element elementor-element-50fd4da3 e-con-full e-flex e-con e-child\" data-id=\"50fd4da3\" data-element_type=\"container\" data-e-type=\"container\" data-settings=\"{&quot;background_background&quot;:&quot;classic&quot;}\">\n\t\t\t\t<div class=\"elementor-element elementor-element-3ae41d12 elementor-widget elementor-widget-heading\" data-id=\"3ae41d12\" data-element_type=\"widget\" data-e-type=\"widget\" data-widget_type=\"heading.default\">\n\t\t\t\t\t<h3 class=\"elementor-heading-title elementor-size-default\">CONTACT<\/h3>\t\t\t\t<\/div>\n\t\t\t\t<div class=\"elementor-element elementor-element-65892d4e elementor-widget elementor-widget-text-editor\" data-id=\"65892d4e\" data-element_type=\"widget\" data-e-type=\"widget\" data-widget_type=\"text-editor.default\">\n\t\t\t\t\t\t\t\t\t<p>\u00a0<\/p><p>T : 07 66 61 46 48<\/p><p>\u00a0<\/p>\t\t\t\t\t\t\t\t<\/div>\n\t\t\t\t<\/div>\n\t\t\t\t\t<\/div>\n\t\t\t\t<\/div>\n\t\t<div class=\"elementor-element elementor-element-022e5bb e-con-full e-flex e-con e-parent\" data-id=\"022e5bb\" data-element_type=\"container\" data-e-type=\"container\">\n\t\t\t\t<div class=\"elementor-element elementor-element-3e4a12b elementor-widget__width-inherit elementor-widget elementor-widget-google_maps\" data-id=\"3e4a12b\" data-element_type=\"widget\" data-e-type=\"widget\" data-widget_type=\"google_maps.default\">\n\t\t\t\t\t\t\t<div class=\"elementor-custom-embed\">\n\t\t\t<iframe loading=\"lazy\"\n\t\t\t\t\tsrc=\"https:\/\/maps.google.com\/maps?q=Julie%20Baudais&#038;t=m&#038;z=13&#038;output=embed&#038;iwloc=near\"\n\t\t\t\t\ttitle=\"Julie Baudais\"\n\t\t\t\t\taria-label=\"Julie Baudais\"\n\t\t\t><\/iframe>\n\t\t<\/div>\n\t\t\t\t\t\t<\/div>\n\t\t\t\t<\/div>\n\t\t\t\t<\/div>\n\t\t","protected":false},"excerpt":{"rendered":"<p>Consultations pour Sportifs : Les sportifs qu\u2019ils soient amateurs ou professionnels peuvent avoir recours \u00e0 un ost\u00e9opathe, le sportif va utiliser son corps au-del\u00e0 des limites habituelles dans le loisir ou la comp\u00e9tition son corps est alors soumis \u00e0 des micros traumatismes ou m\u00eame \u00e0 des blessures telles que les contractures musculaires,\u00a0 d\u00e9chirure, entorse, tendinite\u2026 [&hellip;]<\/p>\n","protected":false},"author":1,"featured_media":0,"parent":0,"menu_order":0,"comment_status":"closed","ping_status":"closed","template":"elementor_header_footer","meta":{"footnotes":""},"class_list":["post-28","page","type-page","status-publish","hentry"],"yoast_head":"<!-- This site is optimized with the Yoast SEO plugin v27.4 - https:\/\/yoast.com\/product\/yoast-seo-wordpress\/ -->\n<title>Sportifs - WordPress<\/title>\n<meta name=\"robots\" content=\"index, follow, max-snippet:-1, max-image-preview:large, max-video-preview:-1\" \/>\n<link rel=\"canonical\" href=\"https:\/\/jebougeosteo.fr\/index.php\/sportifs\/\" \/>\n<meta property=\"og:locale\" content=\"fr_FR\" \/>\n<meta property=\"og:type\" content=\"article\" \/>\n<meta property=\"og:title\" content=\"Sportifs - WordPress\" \/>\n<meta property=\"og:description\" content=\"Consultations pour Sportifs : Les sportifs qu\u2019ils soient amateurs ou professionnels peuvent avoir recours \u00e0 un ost\u00e9opathe, le sportif va utiliser son corps au-del\u00e0 des limites habituelles dans le loisir ou la comp\u00e9tition son corps est alors soumis \u00e0 des micros traumatismes ou m\u00eame \u00e0 des blessures telles que les contractures musculaires,\u00a0 d\u00e9chirure, entorse, tendinite\u2026 [&hellip;]\" \/>\n<meta property=\"og:url\" content=\"https:\/\/jebougeosteo.fr\/index.php\/sportifs\/\" \/>\n<meta property=\"og:site_name\" content=\"WordPress\" \/>\n<meta property=\"article:modified_time\" content=\"2025-11-28T10:39:58+00:00\" \/>\n<meta property=\"og:image\" content=\"http:\/\/jebougy.cluster029.hosting.ovh.net\/wp-content\/uploads\/2025\/11\/cdp6ohoasfm.jpg\" \/>\n<meta name=\"twitter:card\" content=\"summary_large_image\" \/>\n<meta name=\"twitter:label1\" content=\"Dur\u00e9e de lecture estim\u00e9e\" \/>\n\t<meta name=\"twitter:data1\" content=\"1 minute\" \/>\n<script type=\"application\/ld+json\" class=\"yoast-schema-graph\">{\"@context\":\"https:\\\/\\\/schema.org\",\"@graph\":[{\"@type\":\"WebPage\",\"@id\":\"https:\\\/\\\/jebougeosteo.fr\\\/index.php\\\/sportifs\\\/\",\"url\":\"https:\\\/\\\/jebougeosteo.fr\\\/index.php\\\/sportifs\\\/\",\"name\":\"Sportifs - WordPress\",\"isPartOf\":{\"@id\":\"https:\\\/\\\/jebougeosteo.fr\\\/#website\"},\"primaryImageOfPage\":{\"@id\":\"https:\\\/\\\/jebougeosteo.fr\\\/index.php\\\/sportifs\\\/#primaryimage\"},\"image\":{\"@id\":\"https:\\\/\\\/jebougeosteo.fr\\\/index.php\\\/sportifs\\\/#primaryimage\"},\"thumbnailUrl\":\"http:\\\/\\\/jebougy.cluster029.hosting.ovh.net\\\/wp-content\\\/uploads\\\/2025\\\/11\\\/cdp6ohoasfm.jpg\",\"datePublished\":\"2025-10-22T11:34:42+00:00\",\"dateModified\":\"2025-11-28T10:39:58+00:00\",\"breadcrumb\":{\"@id\":\"https:\\\/\\\/jebougeosteo.fr\\\/index.php\\\/sportifs\\\/#breadcrumb\"},\"inLanguage\":\"fr-FR\",\"potentialAction\":[{\"@type\":\"ReadAction\",\"target\":[\"https:\\\/\\\/jebougeosteo.fr\\\/index.php\\\/sportifs\\\/\"]}]},{\"@type\":\"ImageObject\",\"inLanguage\":\"fr-FR\",\"@id\":\"https:\\\/\\\/jebougeosteo.fr\\\/index.php\\\/sportifs\\\/#primaryimage\",\"url\":\"http:\\\/\\\/jebougy.cluster029.hosting.ovh.net\\\/wp-content\\\/uploads\\\/2025\\\/11\\\/cdp6ohoasfm.jpg\",\"contentUrl\":\"http:\\\/\\\/jebougy.cluster029.hosting.ovh.net\\\/wp-content\\\/uploads\\\/2025\\\/11\\\/cdp6ohoasfm.jpg\"},{\"@type\":\"BreadcrumbList\",\"@id\":\"https:\\\/\\\/jebougeosteo.fr\\\/index.php\\\/sportifs\\\/#breadcrumb\",\"itemListElement\":[{\"@type\":\"ListItem\",\"position\":1,\"name\":\"Accueil\",\"item\":\"https:\\\/\\\/jebougeosteo.fr\\\/\"},{\"@type\":\"ListItem\",\"position\":2,\"name\":\"Sportifs\"}]},{\"@type\":\"WebSite\",\"@id\":\"https:\\\/\\\/jebougeosteo.fr\\\/#website\",\"url\":\"https:\\\/\\\/jebougeosteo.fr\\\/\",\"name\":\"WordPress\",\"description\":\"\",\"publisher\":{\"@id\":\"https:\\\/\\\/jebougeosteo.fr\\\/#organization\"},\"potentialAction\":[{\"@type\":\"SearchAction\",\"target\":{\"@type\":\"EntryPoint\",\"urlTemplate\":\"https:\\\/\\\/jebougeosteo.fr\\\/?s={search_term_string}\"},\"query-input\":{\"@type\":\"PropertyValueSpecification\",\"valueRequired\":true,\"valueName\":\"search_term_string\"}}],\"inLanguage\":\"fr-FR\"},{\"@type\":\"Organization\",\"@id\":\"https:\\\/\\\/jebougeosteo.fr\\\/#organization\",\"name\":\"WordPress\",\"url\":\"https:\\\/\\\/jebougeosteo.fr\\\/\",\"logo\":{\"@type\":\"ImageObject\",\"inLanguage\":\"fr-FR\",\"@id\":\"https:\\\/\\\/jebougeosteo.fr\\\/#\\\/schema\\\/logo\\\/image\\\/\",\"url\":\"https:\\\/\\\/jebougeosteo.fr\\\/wp-content\\\/uploads\\\/2025\\\/10\\\/cropped-Logo-Jebouge-copie.jpg\",\"contentUrl\":\"https:\\\/\\\/jebougeosteo.fr\\\/wp-content\\\/uploads\\\/2025\\\/10\\\/cropped-Logo-Jebouge-copie.jpg\",\"width\":2017,\"height\":2021,\"caption\":\"WordPress\"},\"image\":{\"@id\":\"https:\\\/\\\/jebougeosteo.fr\\\/#\\\/schema\\\/logo\\\/image\\\/\"}}]}<\/script>\n<!-- \/ Yoast SEO plugin. -->","yoast_head_json":{"title":"Sportifs - WordPress","robots":{"index":"index","follow":"follow","max-snippet":"max-snippet:-1","max-image-preview":"max-image-preview:large","max-video-preview":"max-video-preview:-1"},"canonical":"https:\/\/jebougeosteo.fr\/index.php\/sportifs\/","og_locale":"fr_FR","og_type":"article","og_title":"Sportifs - WordPress","og_description":"Consultations pour Sportifs : Les sportifs qu\u2019ils soient amateurs ou professionnels peuvent avoir recours \u00e0 un ost\u00e9opathe, le sportif va utiliser son corps au-del\u00e0 des limites habituelles dans le loisir ou la comp\u00e9tition son corps est alors soumis \u00e0 des micros traumatismes ou m\u00eame \u00e0 des blessures telles que les contractures musculaires,\u00a0 d\u00e9chirure, entorse, tendinite\u2026 [&hellip;]","og_url":"https:\/\/jebougeosteo.fr\/index.php\/sportifs\/","og_site_name":"WordPress","article_modified_time":"2025-11-28T10:39:58+00:00","og_image":[{"url":"http:\/\/jebougy.cluster029.hosting.ovh.net\/wp-content\/uploads\/2025\/11\/cdp6ohoasfm.jpg","type":"","width":"","height":""}],"twitter_card":"summary_large_image","twitter_misc":{"Dur\u00e9e de lecture estim\u00e9e":"1 minute"},"schema":{"@context":"https:\/\/schema.org","@graph":[{"@type":"WebPage","@id":"https:\/\/jebougeosteo.fr\/index.php\/sportifs\/","url":"https:\/\/jebougeosteo.fr\/index.php\/sportifs\/","name":"Sportifs - WordPress","isPartOf":{"@id":"https:\/\/jebougeosteo.fr\/#website"},"primaryImageOfPage":{"@id":"https:\/\/jebougeosteo.fr\/index.php\/sportifs\/#primaryimage"},"image":{"@id":"https:\/\/jebougeosteo.fr\/index.php\/sportifs\/#primaryimage"},"thumbnailUrl":"http:\/\/jebougy.cluster029.hosting.ovh.net\/wp-content\/uploads\/2025\/11\/cdp6ohoasfm.jpg","datePublished":"2025-10-22T11:34:42+00:00","dateModified":"2025-11-28T10:39:58+00:00","breadcrumb":{"@id":"https:\/\/jebougeosteo.fr\/index.php\/sportifs\/#breadcrumb"},"inLanguage":"fr-FR","potentialAction":[{"@type":"ReadAction","target":["https:\/\/jebougeosteo.fr\/index.php\/sportifs\/"]}]},{"@type":"ImageObject","inLanguage":"fr-FR","@id":"https:\/\/jebougeosteo.fr\/index.php\/sportifs\/#primaryimage","url":"http:\/\/jebougy.cluster029.hosting.ovh.net\/wp-content\/uploads\/2025\/11\/cdp6ohoasfm.jpg","contentUrl":"http:\/\/jebougy.cluster029.hosting.ovh.net\/wp-content\/uploads\/2025\/11\/cdp6ohoasfm.jpg"},{"@type":"BreadcrumbList","@id":"https:\/\/jebougeosteo.fr\/index.php\/sportifs\/#breadcrumb","itemListElement":[{"@type":"ListItem","position":1,"name":"Accueil","item":"https:\/\/jebougeosteo.fr\/"},{"@type":"ListItem","position":2,"name":"Sportifs"}]},{"@type":"WebSite","@id":"https:\/\/jebougeosteo.fr\/#website","url":"https:\/\/jebougeosteo.fr\/","name":"WordPress","description":"","publisher":{"@id":"https:\/\/jebougeosteo.fr\/#organization"},"potentialAction":[{"@type":"SearchAction","target":{"@type":"EntryPoint","urlTemplate":"https:\/\/jebougeosteo.fr\/?s={search_term_string}"},"query-input":{"@type":"PropertyValueSpecification","valueRequired":true,"valueName":"search_term_string"}}],"inLanguage":"fr-FR"},{"@type":"Organization","@id":"https:\/\/jebougeosteo.fr\/#organization","name":"WordPress","url":"https:\/\/jebougeosteo.fr\/","logo":{"@type":"ImageObject","inLanguage":"fr-FR","@id":"https:\/\/jebougeosteo.fr\/#\/schema\/logo\/image\/","url":"https:\/\/jebougeosteo.fr\/wp-content\/uploads\/2025\/10\/cropped-Logo-Jebouge-copie.jpg","contentUrl":"https:\/\/jebougeosteo.fr\/wp-content\/uploads\/2025\/10\/cropped-Logo-Jebouge-copie.jpg","width":2017,"height":2021,"caption":"WordPress"},"image":{"@id":"https:\/\/jebougeosteo.fr\/#\/schema\/logo\/image\/"}}]}},"_links":{"self":[{"href":"https:\/\/jebougeosteo.fr\/index.php\/wp-json\/wp\/v2\/pages\/28","targetHints":{"allow":["GET"]}}],"collection":[{"href":"https:\/\/jebougeosteo.fr\/index.php\/wp-json\/wp\/v2\/pages"}],"about":[{"href":"https:\/\/jebougeosteo.fr\/index.php\/wp-json\/wp\/v2\/types\/page"}],"author":[{"embeddable":true,"href":"https:\/\/jebougeosteo.fr\/index.php\/wp-json\/wp\/v2\/users\/1"}],"replies":[{"embeddable":true,"href":"https:\/\/jebougeosteo.fr\/index.php\/wp-json\/wp\/v2\/comments?post=28"}],"version-history":[{"count":17,"href":"https:\/\/jebougeosteo.fr\/index.php\/wp-json\/wp\/v2\/pages\/28\/revisions"}],"predecessor-version":[{"id":390,"href":"https:\/\/jebougeosteo.fr\/index.php\/wp-json\/wp\/v2\/pages\/28\/revisions\/390"}],"wp:attachment":[{"href":"https:\/\/jebougeosteo.fr\/index.php\/wp-json\/wp\/v2\/media?parent=28"}],"curies":[{"name":"wp","href":"https:\/\/api.w.org\/{rel}","templated":true}]}}