{"id":30,"date":"2025-10-22T11:35:21","date_gmt":"2025-10-22T11:35:21","guid":{"rendered":"http:\/\/jebougy.cluster029.hosting.ovh.net\/?page_id=30"},"modified":"2025-11-21T13:57:24","modified_gmt":"2025-11-21T13:57:24","slug":"acces","status":"publish","type":"page","link":"https:\/\/jebougeosteo.fr\/index.php\/acces\/","title":{"rendered":"Acc\u00e8s"},"content":{"rendered":"\t\t<div data-elementor-type=\"wp-page\" data-elementor-id=\"30\" class=\"elementor elementor-30\">\n\t\t\t\t<div class=\"elementor-element elementor-element-a35c9c3 e-transform e-flex e-con-boxed e-con e-parent\" data-id=\"a35c9c3\" data-element_type=\"container\" data-e-type=\"container\" data-settings=\"{&quot;background_background&quot;:&quot;classic&quot;,&quot;animation&quot;:&quot;none&quot;,&quot;_transform_translateX_effect&quot;:{&quot;unit&quot;:&quot;px&quot;,&quot;size&quot;:&quot;&quot;,&quot;sizes&quot;:[]},&quot;_transform_translateX_effect_tablet&quot;:{&quot;unit&quot;:&quot;px&quot;,&quot;size&quot;:&quot;&quot;,&quot;sizes&quot;:[]},&quot;_transform_translateX_effect_mobile&quot;:{&quot;unit&quot;:&quot;px&quot;,&quot;size&quot;:&quot;&quot;,&quot;sizes&quot;:[]},&quot;_transform_translateY_effect&quot;:{&quot;unit&quot;:&quot;px&quot;,&quot;size&quot;:&quot;&quot;,&quot;sizes&quot;:[]},&quot;_transform_translateY_effect_tablet&quot;:{&quot;unit&quot;:&quot;px&quot;,&quot;size&quot;:&quot;&quot;,&quot;sizes&quot;:[]},&quot;_transform_translateY_effect_mobile&quot;:{&quot;unit&quot;:&quot;px&quot;,&quot;size&quot;:&quot;&quot;,&quot;sizes&quot;:[]}}\">\n\t\t\t\t\t<div class=\"e-con-inner\">\n\t\t<div class=\"elementor-element elementor-element-6730983 e-con-full e-flex e-con e-child\" data-id=\"6730983\" data-element_type=\"container\" data-e-type=\"container\" data-settings=\"{&quot;background_background&quot;:&quot;classic&quot;}\">\n\t\t\t\t<div class=\"elementor-element elementor-element-b6305d5 elementor-widget elementor-widget-heading\" data-id=\"b6305d5\" data-element_type=\"widget\" data-e-type=\"widget\" data-widget_type=\"heading.default\">\n\t\t\t\t\t<h3 class=\"elementor-heading-title elementor-size-default\">M\u00c9TRO<\/h3>\t\t\t\t<\/div>\n\t\t\t\t<div class=\"elementor-element elementor-element-aa84843 elementor-widget elementor-widget-text-editor\" data-id=\"aa84843\" data-element_type=\"widget\" data-e-type=\"widget\" data-widget_type=\"text-editor.default\">\n\t\t\t\t\t\t\t\t\t<p>Ligne 8<\/p>\n<p>Arr\u00eat Maisons-Alfort Stade<\/p>\t\t\t\t\t\t\t\t<\/div>\n\t\t\t\t<\/div>\n\t\t<div class=\"elementor-element elementor-element-a75a7a1 e-con-full e-flex e-con e-child\" data-id=\"a75a7a1\" data-element_type=\"container\" data-e-type=\"container\" data-settings=\"{&quot;background_background&quot;:&quot;classic&quot;}\">\n\t\t\t\t<div class=\"elementor-element elementor-element-37b387a elementor-widget elementor-widget-heading\" data-id=\"37b387a\" data-element_type=\"widget\" data-e-type=\"widget\" data-widget_type=\"heading.default\">\n\t\t\t\t\t<h3 class=\"elementor-heading-title elementor-size-default\">BUS<\/h3>\t\t\t\t<\/div>\n\t\t\t\t<div class=\"elementor-element elementor-element-9c5fadd elementor-widget elementor-widget-text-editor\" data-id=\"9c5fadd\" data-element_type=\"widget\" data-e-type=\"widget\" data-widget_type=\"text-editor.default\">\n\t\t\t\t\t\t\t\t\t<p>\u00a0<\/p>\n<p>Ligne 104 et 372<\/p>\n<p>\u00a0<\/p>\t\t\t\t\t\t\t\t<\/div>\n\t\t\t\t<\/div>\n\t\t\t\t\t<\/div>\n\t\t\t\t<\/div>\n\t\t<div class=\"elementor-element elementor-element-258a8c2 e-flex e-con-boxed e-con e-parent\" data-id=\"258a8c2\" data-element_type=\"container\" data-e-type=\"container\" data-settings=\"{&quot;background_background&quot;:&quot;classic&quot;}\">\n\t\t\t\t\t<div class=\"e-con-inner\">\n\t\t<div class=\"elementor-element elementor-element-059edfa e-con-full e-flex e-con e-child\" data-id=\"059edfa\" data-element_type=\"container\" data-e-type=\"container\">\n\t\t\t\t<div class=\"elementor-element elementor-element-1b96dcad elementor-widget elementor-widget-text-editor\" data-id=\"1b96dcad\" data-element_type=\"widget\" data-e-type=\"widget\" data-widget_type=\"text-editor.default\">\n\t\t\t\t\t\t\t\t\t\n<p>Sonner \u00e0 Cabinet param\u00e9dical<\/p>\n<p>Situ\u00e9 au <strong>2\u00e8me \u00e9tage<\/strong> avec ascenseur d\u2019un immeuble comprenant un cabinet m\u00e9dical au premier \u00e9tage avec psychiatres et gyn\u00e9cologue et un cabinet param\u00e9dical au second avec une sophrologue et moi-m\u00eame.\u00a0<\/p>\n\t\t\t\t\t\t\t\t<\/div>\n\t\t\t\t<\/div>\n\t\t\t\t\t<\/div>\n\t\t\t\t<\/div>\n\t\t<div class=\"elementor-element elementor-element-42d20fc e-con-full e-flex e-con e-parent\" data-id=\"42d20fc\" data-element_type=\"container\" data-e-type=\"container\">\n\t\t\t\t<div class=\"elementor-element elementor-element-f60608d elementor-widget__width-inherit elementor-widget elementor-widget-google_maps\" data-id=\"f60608d\" data-element_type=\"widget\" data-e-type=\"widget\" data-widget_type=\"google_maps.default\">\n\t\t\t\t\t\t\t<div class=\"elementor-custom-embed\">\n\t\t\t<iframe loading=\"lazy\"\n\t\t\t\t\tsrc=\"https:\/\/maps.google.com\/maps?q=Julie%20Baudais&#038;t=m&#038;z=13&#038;output=embed&#038;iwloc=near\"\n\t\t\t\t\ttitle=\"Julie Baudais\"\n\t\t\t\t\taria-label=\"Julie Baudais\"\n\t\t\t><\/iframe>\n\t\t<\/div>\n\t\t\t\t\t\t<\/div>\n\t\t\t\t<\/div>\n\t\t<div class=\"elementor-element elementor-element-11a16d72 e-transform e-flex e-con-boxed e-con e-parent\" data-id=\"11a16d72\" data-element_type=\"container\" data-e-type=\"container\" data-settings=\"{&quot;background_background&quot;:&quot;classic&quot;,&quot;animation&quot;:&quot;none&quot;,&quot;_transform_translateX_effect&quot;:{&quot;unit&quot;:&quot;px&quot;,&quot;size&quot;:&quot;&quot;,&quot;sizes&quot;:[]},&quot;_transform_translateX_effect_tablet&quot;:{&quot;unit&quot;:&quot;px&quot;,&quot;size&quot;:&quot;&quot;,&quot;sizes&quot;:[]},&quot;_transform_translateX_effect_mobile&quot;:{&quot;unit&quot;:&quot;px&quot;,&quot;size&quot;:&quot;&quot;,&quot;sizes&quot;:[]},&quot;_transform_translateY_effect&quot;:{&quot;unit&quot;:&quot;px&quot;,&quot;size&quot;:&quot;&quot;,&quot;sizes&quot;:[]},&quot;_transform_translateY_effect_tablet&quot;:{&quot;unit&quot;:&quot;px&quot;,&quot;size&quot;:&quot;&quot;,&quot;sizes&quot;:[]},&quot;_transform_translateY_effect_mobile&quot;:{&quot;unit&quot;:&quot;px&quot;,&quot;size&quot;:&quot;&quot;,&quot;sizes&quot;:[]}}\">\n\t\t\t\t\t<div class=\"e-con-inner\">\n\t\t<div class=\"elementor-element elementor-element-4e2a1a27 e-con-full e-flex e-con e-child\" data-id=\"4e2a1a27\" data-element_type=\"container\" data-e-type=\"container\" data-settings=\"{&quot;background_background&quot;:&quot;classic&quot;}\">\n\t\t\t\t<div class=\"elementor-element elementor-element-10d8a069 elementor-widget elementor-widget-heading\" data-id=\"10d8a069\" data-element_type=\"widget\" data-e-type=\"widget\" data-widget_type=\"heading.default\">\n\t\t\t\t\t<h3 class=\"elementor-heading-title elementor-size-default\">LE CABINET<\/h3>\t\t\t\t<\/div>\n\t\t\t\t<div class=\"elementor-element elementor-element-10e15dc3 elementor-widget elementor-widget-text-editor\" data-id=\"10e15dc3\" data-element_type=\"widget\" data-e-type=\"widget\" data-widget_type=\"text-editor.default\">\n\t\t\t\t\t\t\t\t\t<p>155\/157 Avenue du G\u00e9n\u00e9ral Leclerc\u00a0<\/p>\n<p>94700 Maisons-Alfort\u00a0<\/p>\t\t\t\t\t\t\t\t<\/div>\n\t\t\t\t<\/div>\n\t\t<div class=\"elementor-element elementor-element-563e11d e-con-full e-flex e-con e-child\" data-id=\"563e11d\" data-element_type=\"container\" data-e-type=\"container\" data-settings=\"{&quot;background_background&quot;:&quot;classic&quot;}\">\n\t\t\t\t<div class=\"elementor-element elementor-element-39723cc4 elementor-widget elementor-widget-heading\" data-id=\"39723cc4\" data-element_type=\"widget\" data-e-type=\"widget\" data-widget_type=\"heading.default\">\n\t\t\t\t\t<h3 class=\"elementor-heading-title elementor-size-default\">HORAIRES<\/h3>\t\t\t\t<\/div>\n\t\t\t\t<div class=\"elementor-element elementor-element-17aa9c5e elementor-widget elementor-widget-text-editor\" data-id=\"17aa9c5e\" data-element_type=\"widget\" data-e-type=\"widget\" data-widget_type=\"text-editor.default\">\n\t\t\t\t\t\t\t\t\t<p>Du lundi au vendredi\u00a0<\/p>\n<p>De 9h \u00e0 19h30<\/p>\n<p>Le Samedi\u00a0<\/p>\n<p>De 9h \u00e0 16h<\/p>\t\t\t\t\t\t\t\t<\/div>\n\t\t\t\t<\/div>\n\t\t<div class=\"elementor-element elementor-element-10066e13 e-con-full e-flex e-con e-child\" data-id=\"10066e13\" data-element_type=\"container\" data-e-type=\"container\" data-settings=\"{&quot;background_background&quot;:&quot;classic&quot;}\">\n\t\t\t\t<div class=\"elementor-element elementor-element-e5a8e8d elementor-widget elementor-widget-heading\" data-id=\"e5a8e8d\" data-element_type=\"widget\" data-e-type=\"widget\" data-widget_type=\"heading.default\">\n\t\t\t\t\t<h3 class=\"elementor-heading-title elementor-size-default\">CONTACT<\/h3>\t\t\t\t<\/div>\n\t\t\t\t<div class=\"elementor-element elementor-element-30494ad0 elementor-widget elementor-widget-text-editor\" data-id=\"30494ad0\" data-element_type=\"widget\" data-e-type=\"widget\" data-widget_type=\"text-editor.default\">\n\t\t\t\t\t\t\t\t\t<p>\u00a0<\/p><p>T : 07 66 61 46 48<\/p><p>\u00a0<\/p>\t\t\t\t\t\t\t\t<\/div>\n\t\t\t\t<\/div>\n\t\t\t\t\t<\/div>\n\t\t\t\t<\/div>\n\t\t\t\t<\/div>\n\t\t","protected":false},"excerpt":{"rendered":"<p>M\u00c9TRO Ligne 8 Arr\u00eat Maisons-Alfort Stade BUS \u00a0 Ligne 104 et 372 \u00a0 Sonner \u00e0 Cabinet param\u00e9dical Situ\u00e9 au 2\u00e8me \u00e9tage avec ascenseur d\u2019un immeuble comprenant un cabinet m\u00e9dical au premier \u00e9tage avec psychiatres et gyn\u00e9cologue et un cabinet param\u00e9dical au second avec une sophrologue et moi-m\u00eame.\u00a0 LE CABINET 155\/157 Avenue du G\u00e9n\u00e9ral Leclerc\u00a0 94700 [&hellip;]<\/p>\n","protected":false},"author":1,"featured_media":0,"parent":0,"menu_order":0,"comment_status":"closed","ping_status":"closed","template":"elementor_header_footer","meta":{"footnotes":""},"class_list":["post-30","page","type-page","status-publish","hentry"],"yoast_head":"<!-- This site is optimized with the Yoast SEO plugin v27.4 - https:\/\/yoast.com\/product\/yoast-seo-wordpress\/ -->\n<title>Acc\u00e8s - WordPress<\/title>\n<meta name=\"robots\" content=\"index, follow, max-snippet:-1, max-image-preview:large, max-video-preview:-1\" \/>\n<link rel=\"canonical\" href=\"https:\/\/jebougeosteo.fr\/index.php\/acces\/\" \/>\n<meta property=\"og:locale\" content=\"fr_FR\" \/>\n<meta property=\"og:type\" content=\"article\" \/>\n<meta property=\"og:title\" content=\"Acc\u00e8s - WordPress\" \/>\n<meta property=\"og:description\" content=\"M\u00c9TRO Ligne 8 Arr\u00eat Maisons-Alfort Stade BUS \u00a0 Ligne 104 et 372 \u00a0 Sonner \u00e0 Cabinet param\u00e9dical Situ\u00e9 au 2\u00e8me \u00e9tage avec ascenseur d\u2019un immeuble comprenant un cabinet m\u00e9dical au premier \u00e9tage avec psychiatres et gyn\u00e9cologue et un cabinet param\u00e9dical au second avec une sophrologue et moi-m\u00eame.\u00a0 LE CABINET 155\/157 Avenue du G\u00e9n\u00e9ral Leclerc\u00a0 94700 [&hellip;]\" \/>\n<meta property=\"og:url\" content=\"https:\/\/jebougeosteo.fr\/index.php\/acces\/\" \/>\n<meta property=\"og:site_name\" content=\"WordPress\" \/>\n<meta property=\"article:modified_time\" content=\"2025-11-21T13:57:24+00:00\" \/>\n<meta name=\"twitter:card\" content=\"summary_large_image\" \/>\n<meta name=\"twitter:label1\" content=\"Dur\u00e9e de lecture estim\u00e9e\" \/>\n\t<meta name=\"twitter:data1\" content=\"1 minute\" \/>\n<script type=\"application\/ld+json\" class=\"yoast-schema-graph\">{\"@context\":\"https:\\\/\\\/schema.org\",\"@graph\":[{\"@type\":\"WebPage\",\"@id\":\"https:\\\/\\\/jebougeosteo.fr\\\/index.php\\\/acces\\\/\",\"url\":\"https:\\\/\\\/jebougeosteo.fr\\\/index.php\\\/acces\\\/\",\"name\":\"Acc\u00e8s - WordPress\",\"isPartOf\":{\"@id\":\"https:\\\/\\\/jebougeosteo.fr\\\/#website\"},\"datePublished\":\"2025-10-22T11:35:21+00:00\",\"dateModified\":\"2025-11-21T13:57:24+00:00\",\"breadcrumb\":{\"@id\":\"https:\\\/\\\/jebougeosteo.fr\\\/index.php\\\/acces\\\/#breadcrumb\"},\"inLanguage\":\"fr-FR\",\"potentialAction\":[{\"@type\":\"ReadAction\",\"target\":[\"https:\\\/\\\/jebougeosteo.fr\\\/index.php\\\/acces\\\/\"]}]},{\"@type\":\"BreadcrumbList\",\"@id\":\"https:\\\/\\\/jebougeosteo.fr\\\/index.php\\\/acces\\\/#breadcrumb\",\"itemListElement\":[{\"@type\":\"ListItem\",\"position\":1,\"name\":\"Accueil\",\"item\":\"https:\\\/\\\/jebougeosteo.fr\\\/\"},{\"@type\":\"ListItem\",\"position\":2,\"name\":\"Acc\u00e8s\"}]},{\"@type\":\"WebSite\",\"@id\":\"https:\\\/\\\/jebougeosteo.fr\\\/#website\",\"url\":\"https:\\\/\\\/jebougeosteo.fr\\\/\",\"name\":\"WordPress\",\"description\":\"\",\"publisher\":{\"@id\":\"https:\\\/\\\/jebougeosteo.fr\\\/#organization\"},\"potentialAction\":[{\"@type\":\"SearchAction\",\"target\":{\"@type\":\"EntryPoint\",\"urlTemplate\":\"https:\\\/\\\/jebougeosteo.fr\\\/?s={search_term_string}\"},\"query-input\":{\"@type\":\"PropertyValueSpecification\",\"valueRequired\":true,\"valueName\":\"search_term_string\"}}],\"inLanguage\":\"fr-FR\"},{\"@type\":\"Organization\",\"@id\":\"https:\\\/\\\/jebougeosteo.fr\\\/#organization\",\"name\":\"WordPress\",\"url\":\"https:\\\/\\\/jebougeosteo.fr\\\/\",\"logo\":{\"@type\":\"ImageObject\",\"inLanguage\":\"fr-FR\",\"@id\":\"https:\\\/\\\/jebougeosteo.fr\\\/#\\\/schema\\\/logo\\\/image\\\/\",\"url\":\"https:\\\/\\\/jebougeosteo.fr\\\/wp-content\\\/uploads\\\/2025\\\/10\\\/cropped-Logo-Jebouge-copie.jpg\",\"contentUrl\":\"https:\\\/\\\/jebougeosteo.fr\\\/wp-content\\\/uploads\\\/2025\\\/10\\\/cropped-Logo-Jebouge-copie.jpg\",\"width\":2017,\"height\":2021,\"caption\":\"WordPress\"},\"image\":{\"@id\":\"https:\\\/\\\/jebougeosteo.fr\\\/#\\\/schema\\\/logo\\\/image\\\/\"}}]}<\/script>\n<!-- \/ Yoast SEO plugin. -->","yoast_head_json":{"title":"Acc\u00e8s - WordPress","robots":{"index":"index","follow":"follow","max-snippet":"max-snippet:-1","max-image-preview":"max-image-preview:large","max-video-preview":"max-video-preview:-1"},"canonical":"https:\/\/jebougeosteo.fr\/index.php\/acces\/","og_locale":"fr_FR","og_type":"article","og_title":"Acc\u00e8s - WordPress","og_description":"M\u00c9TRO Ligne 8 Arr\u00eat Maisons-Alfort Stade BUS \u00a0 Ligne 104 et 372 \u00a0 Sonner \u00e0 Cabinet param\u00e9dical Situ\u00e9 au 2\u00e8me \u00e9tage avec ascenseur d\u2019un immeuble comprenant un cabinet m\u00e9dical au premier \u00e9tage avec psychiatres et gyn\u00e9cologue et un cabinet param\u00e9dical au second avec une sophrologue et moi-m\u00eame.\u00a0 LE CABINET 155\/157 Avenue du G\u00e9n\u00e9ral Leclerc\u00a0 94700 [&hellip;]","og_url":"https:\/\/jebougeosteo.fr\/index.php\/acces\/","og_site_name":"WordPress","article_modified_time":"2025-11-21T13:57:24+00:00","twitter_card":"summary_large_image","twitter_misc":{"Dur\u00e9e de lecture estim\u00e9e":"1 minute"},"schema":{"@context":"https:\/\/schema.org","@graph":[{"@type":"WebPage","@id":"https:\/\/jebougeosteo.fr\/index.php\/acces\/","url":"https:\/\/jebougeosteo.fr\/index.php\/acces\/","name":"Acc\u00e8s - WordPress","isPartOf":{"@id":"https:\/\/jebougeosteo.fr\/#website"},"datePublished":"2025-10-22T11:35:21+00:00","dateModified":"2025-11-21T13:57:24+00:00","breadcrumb":{"@id":"https:\/\/jebougeosteo.fr\/index.php\/acces\/#breadcrumb"},"inLanguage":"fr-FR","potentialAction":[{"@type":"ReadAction","target":["https:\/\/jebougeosteo.fr\/index.php\/acces\/"]}]},{"@type":"BreadcrumbList","@id":"https:\/\/jebougeosteo.fr\/index.php\/acces\/#breadcrumb","itemListElement":[{"@type":"ListItem","position":1,"name":"Accueil","item":"https:\/\/jebougeosteo.fr\/"},{"@type":"ListItem","position":2,"name":"Acc\u00e8s"}]},{"@type":"WebSite","@id":"https:\/\/jebougeosteo.fr\/#website","url":"https:\/\/jebougeosteo.fr\/","name":"WordPress","description":"","publisher":{"@id":"https:\/\/jebougeosteo.fr\/#organization"},"potentialAction":[{"@type":"SearchAction","target":{"@type":"EntryPoint","urlTemplate":"https:\/\/jebougeosteo.fr\/?s={search_term_string}"},"query-input":{"@type":"PropertyValueSpecification","valueRequired":true,"valueName":"search_term_string"}}],"inLanguage":"fr-FR"},{"@type":"Organization","@id":"https:\/\/jebougeosteo.fr\/#organization","name":"WordPress","url":"https:\/\/jebougeosteo.fr\/","logo":{"@type":"ImageObject","inLanguage":"fr-FR","@id":"https:\/\/jebougeosteo.fr\/#\/schema\/logo\/image\/","url":"https:\/\/jebougeosteo.fr\/wp-content\/uploads\/2025\/10\/cropped-Logo-Jebouge-copie.jpg","contentUrl":"https:\/\/jebougeosteo.fr\/wp-content\/uploads\/2025\/10\/cropped-Logo-Jebouge-copie.jpg","width":2017,"height":2021,"caption":"WordPress"},"image":{"@id":"https:\/\/jebougeosteo.fr\/#\/schema\/logo\/image\/"}}]}},"_links":{"self":[{"href":"https:\/\/jebougeosteo.fr\/index.php\/wp-json\/wp\/v2\/pages\/30","targetHints":{"allow":["GET"]}}],"collection":[{"href":"https:\/\/jebougeosteo.fr\/index.php\/wp-json\/wp\/v2\/pages"}],"about":[{"href":"https:\/\/jebougeosteo.fr\/index.php\/wp-json\/wp\/v2\/types\/page"}],"author":[{"embeddable":true,"href":"https:\/\/jebougeosteo.fr\/index.php\/wp-json\/wp\/v2\/users\/1"}],"replies":[{"embeddable":true,"href":"https:\/\/jebougeosteo.fr\/index.php\/wp-json\/wp\/v2\/comments?post=30"}],"version-history":[{"count":8,"href":"https:\/\/jebougeosteo.fr\/index.php\/wp-json\/wp\/v2\/pages\/30\/revisions"}],"predecessor-version":[{"id":262,"href":"https:\/\/jebougeosteo.fr\/index.php\/wp-json\/wp\/v2\/pages\/30\/revisions\/262"}],"wp:attachment":[{"href":"https:\/\/jebougeosteo.fr\/index.php\/wp-json\/wp\/v2\/media?parent=30"}],"curies":[{"name":"wp","href":"https:\/\/api.w.org\/{rel}","templated":true}]}}